{"id":9908,"date":"2018-05-21T16:58:04","date_gmt":"2018-05-21T14:58:04","guid":{"rendered":"https:\/\/impressionen.ange-li.me\/?page_id=9908"},"modified":"2018-05-21T16:58:37","modified_gmt":"2018-05-21T14:58:37","slug":"lschanfrage","status":"publish","type":"page","link":"https:\/\/impressionen.ange-li.me\/?page_id=9908","title":{"rendered":"L\u00f6schanfrage erstellen"},"content":{"rendered":"<p>ist oder wie es die vom Gesetzgeber vorgesehenen vielf\u00e4ltigen Speicherfristen vorsehen. Nach Fortfall des jeweiligen Zweckes bzw. Ablauf dieser Fristen werden die entsprechenden Daten routinem\u00e4\u00dfig und entsprechend den gesetzlichen Vorschriften gesperrt oder gel\u00f6scht.<\/p>\n<p>Sie k\u00f6nnen aber jederzeit die von Ihnen gespeicherten Daten, beispielweise, wenn Sie einen Kommentar erstellt haben, anfordern und die L\u00f6schung dieser Daten verlangen.<\/p>\n<p>Dies umfasst allerdings nicht die Daten, die wir aufgrund administrativer, rechtlicher oder sicherheitsrelevanter Notwendigkeiten aufbewahren m\u00fcssen.<\/p>\n  \r\n                <div class=\"sp-dsgvo sp-unsubsribe-form\">\r\n            <form method=\"post\" action=\"https:\/\/impressionen.ange-li.me\/wp-admin\/admin-ajax.php?action=super-unsubscribe\" >\r\n                <input type=\"hidden\" id=\"_wpnonce\" name=\"_wpnonce\" value=\"b4cbcabcf3\" \/><input type=\"hidden\" name=\"_wp_http_referer\" value=\"\/index.php?rest_route=%2Fwp%2Fv2%2Fpages%2F9908\" \/>                <fieldset>\r\n                    <div class=\"lwb-row\">\r\n                        <div class=\"lwb-col-3\">\r\n                            <label style=\"min-width:100px;\" for=\"email-field\">Vorname<\/label>\r\n                        <\/div>\r\n                        <div class=\"lwb-col-6\">\r\n                            <input class=\"w-100\" required type=\"text\" id=\"first-name-field\" name=\"first_name\" value=\"\" placeholder=\"Vorname\" spellcheck=\"false\" \/>\r\n                        <\/div>\r\n\r\n\r\n                    <\/div>\r\n                    <div class=\"lwb-row\">\r\n                        <div class=\"lwb-col-3\">\r\n                            <label for=\"email-field\">Nachname<\/label>\r\n                        <\/div>\r\n                        <div class=\"lwb-col-6\">\r\n                            <input class=\"w-100\" required type=\"text\" id=\"last-name-field\" name=\"last_name\" value=\"\" placeholder=\"Nachname\" spellcheck=\"false\" \/>\r\n                        <\/div>\r\n                    <\/div>\r\n\r\n\t\t\t\t\t<div class=\"lwb-row\">\r\n                        <div class=\"lwb-col-3\">\r\n                            <label for=\"email-field\">E-Mail-Adresse<\/label>\r\n                        <\/div>\r\n\t\t\t\t\t\t<div class=\"lwb-col-6\">\r\n                   \t\t\t <input class=\"w-100\" required type=\"email\" id=\"email-field\" name=\"email\" value=\"\" placeholder=\"E-Mail-Adresse\" spellcheck=\"false\" \/>\r\n\t\t\t\t\t\t<\/div>\r\n                    <\/div>\r\n                    <div class=\"lwb-row form-row-website-cap\">\r\n                        <div class=\"lwb-col-3\">\r\n                            <label for=\"email-field\">Website<\/label>\r\n                        <\/div>\r\n                        <div class=\"lwb-col-6\">\r\n                            <input class=\"w-100\" type=\"text\" id=\"website\" name=\"website\" value=\"\" placeholder=\"\" spellcheck=\"false\" \/>\r\n                        <\/div>\r\n                    <\/div>\r\n                    <div class=\"lwb-row\">\r\n\t\t\t\t\t\t<div class=\"lwb-col\">\r\n                    \t\t<label for=\"dsgvo-checkbox\">\r\n                   \t\t\t \t<input required type=\"checkbox\" id=\"dsgvo-checkbox\" name=\"dsgvo_checkbox\" value=\"1\" \/>\r\n                                                   \t\t\t \t<span style=\"font-weight:normal\">Ich stimme der Speicherung der Daten zur Verarbeitung im Sinne der DSGVO zu.<\/span>\r\n                   \t\t\t <\/label>\r\n\t\t\t\t\t\t<\/div>\r\n                    <\/div>\r\n                    <br>\r\n                    <input type=\"submit\" value=\"L\u00f6schanfrage senden\" \/>\r\n                <\/fieldset>\r\n            <\/form>\r\n        <\/div>\r\n            \n","protected":false},"excerpt":{"rendered":"<p>ist oder wie es die vom Gesetzgeber vorgesehenen vielf\u00e4ltigen Speicherfristen vorsehen. Nach Fortfall des jeweiligen Zweckes bzw. Ablauf dieser Fristen werden die entsprechenden Daten routinem\u00e4\u00dfig und entsprechend den gesetzlichen Vorschriften gesperrt oder gel\u00f6scht. Sie k\u00f6nnen aber jederzeit die von Ihnen gespeicherten Daten, beispielweise, wenn Sie einen Kommentar erstellt haben, anfordern und die L\u00f6schung dieser Daten [&hellip;]<\/p>\n","protected":false},"author":1,"featured_media":0,"parent":0,"menu_order":0,"comment_status":"closed","ping_status":"closed","template":"page-templates\/no-sidebar.php","meta":{"footnotes":""},"acf":[],"jetpack_sharing_enabled":true,"jetpack_shortlink":"https:\/\/wp.me\/P5hUBy-2zO","_links":{"self":[{"href":"https:\/\/impressionen.ange-li.me\/index.php?rest_route=\/wp\/v2\/pages\/9908"}],"collection":[{"href":"https:\/\/impressionen.ange-li.me\/index.php?rest_route=\/wp\/v2\/pages"}],"about":[{"href":"https:\/\/impressionen.ange-li.me\/index.php?rest_route=\/wp\/v2\/types\/page"}],"author":[{"embeddable":true,"href":"https:\/\/impressionen.ange-li.me\/index.php?rest_route=\/wp\/v2\/users\/1"}],"replies":[{"embeddable":true,"href":"https:\/\/impressionen.ange-li.me\/index.php?rest_route=%2Fwp%2Fv2%2Fcomments&post=9908"}],"version-history":[{"count":1,"href":"https:\/\/impressionen.ange-li.me\/index.php?rest_route=\/wp\/v2\/pages\/9908\/revisions"}],"predecessor-version":[{"id":9909,"href":"https:\/\/impressionen.ange-li.me\/index.php?rest_route=\/wp\/v2\/pages\/9908\/revisions\/9909"}],"wp:attachment":[{"href":"https:\/\/impressionen.ange-li.me\/index.php?rest_route=%2Fwp%2Fv2%2Fmedia&parent=9908"}],"curies":[{"name":"wp","href":"https:\/\/api.w.org\/{rel}","templated":true}]}}