{"id":9647,"date":"2017-05-13T23:35:19","date_gmt":"2017-05-13T21:35:19","guid":{"rendered":"http:\/\/impressionen.ange-li.me\/?page_id=9647"},"modified":"2020-08-09T16:13:34","modified_gmt":"2020-08-09T14:13:34","slug":"copyright","status":"publish","type":"page","link":"https:\/\/impressionen.ange-li.me\/?page_id=9647","title":{"rendered":"Copyright"},"content":{"rendered":"<p>\u00a9 Alle Bilder auf diesem blog sind von mir und d\u00fcrfen nicht ohne mein Einverst\u00e4ndnis weiterverwendet werden. Das gilt auch f\u00fcr die private Nutzung.<\/p>\n<p>Bei der Ver\u00f6ffentlichung von Streetart, Graffiti oder \u00e4hnlichem, berufe ich mich auf die Panoramafreiheit.<\/p>\n<p>Angelika Lindner, Stuttgart 2020.<\/p>\n","protected":false},"excerpt":{"rendered":"<p>\u00a9 Alle Bilder auf diesem blog sind von mir und d\u00fcrfen nicht ohne mein Einverst\u00e4ndnis weiterverwendet werden. Das gilt auch f\u00fcr die private Nutzung. Bei der Ver\u00f6ffentlichung von Streetart, Graffiti oder \u00e4hnlichem, berufe ich mich auf die Panoramafreiheit. Angelika Lindner, Stuttgart 2020.<\/p>\n","protected":false},"author":1,"featured_media":0,"parent":0,"menu_order":0,"comment_status":"closed","ping_status":"closed","template":"","meta":{"footnotes":""},"acf":[],"jetpack_sharing_enabled":false,"jetpack_shortlink":"https:\/\/wp.me\/P5hUBy-2vB","_links":{"self":[{"href":"https:\/\/impressionen.ange-li.me\/index.php?rest_route=\/wp\/v2\/pages\/9647"}],"collection":[{"href":"https:\/\/impressionen.ange-li.me\/index.php?rest_route=\/wp\/v2\/pages"}],"about":[{"href":"https:\/\/impressionen.ange-li.me\/index.php?rest_route=\/wp\/v2\/types\/page"}],"author":[{"embeddable":true,"href":"https:\/\/impressionen.ange-li.me\/index.php?rest_route=\/wp\/v2\/users\/1"}],"replies":[{"embeddable":true,"href":"https:\/\/impressionen.ange-li.me\/index.php?rest_route=%2Fwp%2Fv2%2Fcomments&post=9647"}],"version-history":[{"count":2,"href":"https:\/\/impressionen.ange-li.me\/index.php?rest_route=\/wp\/v2\/pages\/9647\/revisions"}],"predecessor-version":[{"id":15225,"href":"https:\/\/impressionen.ange-li.me\/index.php?rest_route=\/wp\/v2\/pages\/9647\/revisions\/15225"}],"wp:attachment":[{"href":"https:\/\/impressionen.ange-li.me\/index.php?rest_route=%2Fwp%2Fv2%2Fmedia&parent=9647"}],"curies":[{"name":"wp","href":"https:\/\/api.w.org\/{rel}","templated":true}]}}