{"id":175,"date":"2012-10-11T04:55:23","date_gmt":"2012-10-11T03:55:23","guid":{"rendered":"http:\/\/kreativlebenimpressionen.wordpress.com\/?page_id=175"},"modified":"2020-08-09T13:09:49","modified_gmt":"2020-08-09T11:09:49","slug":"uber-mich","status":"publish","type":"page","link":"https:\/\/impressionen.ange-li.me\/?page_id=175","title":{"rendered":"Angelika"},"content":{"rendered":"<p style=\"text-align: left;\"><a href=\"https:\/\/impressionen.ange-li.me\/wp-content\/uploads\/2012\/10\/angelika_250-1.jpg\"><img loading=\"lazy\" decoding=\"async\" class=\"wp-image-1383  alignleft\" src=\"https:\/\/impressionen.ange-li.me\/wp-content\/uploads\/2012\/10\/angelika_250-1.jpg\" alt=\"Angelika\" width=\"298\" height=\"318\"><\/a><\/p>\n<p style=\"text-align: left;\">Herzlich Willkommen!<\/p>\n<p style=\"text-align: left;\">Ich bin Angelika, fotografiere leidenschaftlich gerne und meinen Foto habe ich immer dabei.<\/p>\n<p>&#8212;&#8212;&#8212;&#8212;&#8212;&#8212;&#8212;&#8212;&#8212;&#8212;&#8212;&#8212;&#8212;&#8212;&#8212;&#8212;-<br \/>\nAnsonsten bin ich immer wieder Pionierin, Neuewegefinderin, Ver\u00e4nderungsSurferin, Lebenslangstreckenl\u00e4uferin und auf allen Wegen mit Gott unterwegs. Ich liebe Worte, Fotos, Inspiration, Journaling und die Farbe Pink.<\/p>\n<p>Meine Berufswelten: Medien, Theologie, Soziale Arbeit.<br \/>\nIch bin Reprografin (IHK), Medienfachwirtin (IHK), Theologin (M.A. <em>Columbia International University<\/em>), Interkultureller Coach (Ausbildung zertifiziert vom Europ\u00e4ischen Netzwerk f\u00fcr Beratung, Psychologie und Therapie und QCA G\u00fctesiegel der Qualit\u00e4tsgemeinschaft Coach Ausbildung) und zertifizierte ProfilPASS Beraterin (DIE). Au\u00dferdem bin ich Masterstudentin im Studiengang <em>Integrative Beratung<\/em>.<\/p>\n<p><em><strong>Pionierin<\/strong><\/em><br \/>\n<em><strong>Umdenkerin<br \/>\n<\/strong><\/em><em><strong>Neudenkerin<\/strong><\/em><br \/>\n<em><strong>Expertin f\u00fcr Ver\u00e4ndersprozesse und neue Wege<br \/>\n<\/strong><\/em><\/p>\n<p><strong><em>Coach<br \/>\nErmutigerin<\/em><\/strong><br \/>\n<strong><em>Lebens-Langstreckenl\u00e4uferin<br \/>\nK\u00fcnstlerin<br \/>\n<\/em><\/strong><\/p>\n<p>Ich liebe es <strong><em><br \/>\n<\/em><\/strong><strong><em>zu experimentieren<br \/>\nneue Dinge auszuprobieren<br \/>\nBekanntes zu modifizieren, abzu\u00e4ndern und zu optimieren.<\/em><\/strong><\/p>\n<p>Berufswelten<strong><em><br \/>\nAlle Arten von Medien &#8211; gedruckt, digital, online<br \/>\nDruckerein, Verlage<br \/>\nProjektmanagement<br \/>\nCoaching und Beratung<br \/>\nGemeinwesenprojekte<br \/>\nFl\u00fcchtlingshilfe<br \/>\nEhrenamt und b\u00fcrgerschaftliches Engagement<br \/>\nIntegration<br \/>\n<\/em><\/strong><\/p>\n<p>Lebenswelten<br \/>\n<strong><em>Medien<br \/>\nKreativit\u00e4t<br \/>\nKunst<br \/>\nKommunikation<br \/>\nTheologie und Glaube<br \/>\nCoaching<br \/>\nSoziale Arbeit<br \/>\n<\/em><\/strong><strong><em>Projektarbeit<\/em><\/strong><\/p>\n<p>Hobbies<br \/>\n<em><strong>Lesen, Schreiben und Texten<\/strong><br \/>\n<strong>Fotografieren<br \/>\nMalen<br \/>\nComputergrafiken erstellen<\/strong><br \/>\n<\/em><strong><em>Mit Ideen spielen<br \/>\n<\/em><\/strong><\/p>\n<p><strong><em>&nbsp;<\/em><\/strong>Angelika Lindner, 2020<\/p>\n","protected":false},"excerpt":{"rendered":"<p>Herzlich Willkommen! Ich bin Angelika, fotografiere leidenschaftlich gerne und meinen Foto habe ich immer dabei. &#8212;&#8212;&#8212;&#8212;&#8212;&#8212;&#8212;&#8212;&#8212;&#8212;&#8212;&#8212;&#8212;&#8212;&#8212;&#8212;- Ansonsten bin ich immer wieder Pionierin, Neuewegefinderin, Ver\u00e4nderungsSurferin, Lebenslangstreckenl\u00e4uferin und auf allen Wegen mit Gott unterwegs. Ich liebe Worte, Fotos, Inspiration, Journaling und die Farbe Pink. Meine Berufswelten: Medien, Theologie, Soziale Arbeit. Ich bin Reprografin (IHK), Medienfachwirtin (IHK), Theologin [&hellip;]<\/p>\n","protected":false},"author":1,"featured_media":0,"parent":0,"menu_order":0,"comment_status":"open","ping_status":"open","template":"","meta":{"footnotes":""},"acf":[],"jetpack_sharing_enabled":true,"jetpack_shortlink":"https:\/\/wp.me\/P5hUBy-2P","_links":{"self":[{"href":"https:\/\/impressionen.ange-li.me\/index.php?rest_route=\/wp\/v2\/pages\/175"}],"collection":[{"href":"https:\/\/impressionen.ange-li.me\/index.php?rest_route=\/wp\/v2\/pages"}],"about":[{"href":"https:\/\/impressionen.ange-li.me\/index.php?rest_route=\/wp\/v2\/types\/page"}],"author":[{"embeddable":true,"href":"https:\/\/impressionen.ange-li.me\/index.php?rest_route=\/wp\/v2\/users\/1"}],"replies":[{"embeddable":true,"href":"https:\/\/impressionen.ange-li.me\/index.php?rest_route=%2Fwp%2Fv2%2Fcomments&post=175"}],"version-history":[{"count":16,"href":"https:\/\/impressionen.ange-li.me\/index.php?rest_route=\/wp\/v2\/pages\/175\/revisions"}],"predecessor-version":[{"id":15208,"href":"https:\/\/impressionen.ange-li.me\/index.php?rest_route=\/wp\/v2\/pages\/175\/revisions\/15208"}],"wp:attachment":[{"href":"https:\/\/impressionen.ange-li.me\/index.php?rest_route=%2Fwp%2Fv2%2Fmedia&parent=175"}],"curies":[{"name":"wp","href":"https:\/\/api.w.org\/{rel}","templated":true}]}}