{"id":15361,"date":"2023-11-09T19:23:36","date_gmt":"2023-11-09T18:23:36","guid":{"rendered":"https:\/\/impressionen.ange-li.me\/?page_id=15361"},"modified":"2023-11-09T19:23:39","modified_gmt":"2023-11-09T18:23:39","slug":"titel","status":"publish","type":"page","link":"https:\/\/impressionen.ange-li.me\/?page_id=15361","title":{"rendered":"Titel"},"content":{"rendered":"\n<div class=\"wp-block-group alignfull has-accent-background-color has-background is-layout-constrained wp-block-group-is-layout-constrained\" style=\"margin-top:0;margin-bottom:0;padding-top:var(--wp--preset--spacing--50);padding-right:var(--wp--preset--spacing--50);padding-bottom:var(--wp--preset--spacing--50);padding-left:var(--wp--preset--spacing--50)\">\n<div class=\"wp-block-columns alignwide is-layout-flex wp-container-core-columns-layout-1 wp-block-columns-is-layout-flex\">\n<div class=\"wp-block-column is-vertically-aligned-stretch is-layout-flow wp-block-column-is-layout-flow\" style=\"flex-basis:50%\">\n<div class=\"wp-block-group is-vertical is-content-justification-stretch is-layout-flex wp-container-core-group-layout-2 wp-block-group-is-layout-flex\" style=\"min-height:100%\">\n<p class=\"has-heading-font-family has-x-large-font-size\" style=\"line-height:1.2\">Hier kommt ein Text hin.<\/p>\n\n\n\n<div class=\"wp-block-group is-content-justification-left is-layout-constrained wp-container-core-group-layout-1 wp-block-group-is-layout-constrained\">\n<p class=\"wp-container-content-1\">Oh Yeah<\/p>\n\n\n\n<div class=\"wp-block-buttons is-layout-flex wp-block-buttons-is-layout-flex\">\n<div class=\"wp-block-button\"><a class=\"wp-block-button__link wp-element-button\">\u00dcber uns<\/a><\/div>\n<\/div>\n<\/div>\n<\/div>\n<\/div>\n\n\n\n<div class=\"wp-block-column is-vertically-aligned-center is-layout-flow wp-block-column-is-layout-flow\" style=\"flex-basis:50%\">\n<figure class=\"wp-block-image size-large is-style-rounded\"><img loading=\"lazy\" decoding=\"async\" width=\"1024\" height=\"683\" src=\"https:\/\/impressionen.ange-li.me\/wp-content\/uploads\/2020\/08\/Fruehling_pink_1300n-1024x683.jpg\" alt=\"\" class=\"wp-image-15242\" style=\"aspect-ratio:3\/4;object-fit:cover\" srcset=\"https:\/\/impressionen.ange-li.me\/wp-content\/uploads\/2020\/08\/Fruehling_pink_1300n-1024x683.jpg 1024w, https:\/\/impressionen.ange-li.me\/wp-content\/uploads\/2020\/08\/Fruehling_pink_1300n-640x427.jpg 640w, https:\/\/impressionen.ange-li.me\/wp-content\/uploads\/2020\/08\/Fruehling_pink_1300n-768x512.jpg 768w, https:\/\/impressionen.ange-li.me\/wp-content\/uploads\/2020\/08\/Fruehling_pink_1300n-1200x800.jpg 1200w, https:\/\/impressionen.ange-li.me\/wp-content\/uploads\/2020\/08\/Fruehling_pink_1300n-681x454.jpg 681w, https:\/\/impressionen.ange-li.me\/wp-content\/uploads\/2020\/08\/Fruehling_pink_1300n.jpg 1300w\" sizes=\"(max-width: 1024px) 100vw, 1024px\" \/><\/figure>\n<\/div>\n<\/div>\n<\/div>\n\n\n\n<div class=\"wp-block-group alignfull has-base-background-color has-background is-layout-constrained wp-block-group-is-layout-constrained\" style=\"margin-top:0;margin-bottom:0;padding-top:var(--wp--preset--spacing--50);padding-right:var(--wp--preset--spacing--50);padding-bottom:var(--wp--preset--spacing--50);padding-left:var(--wp--preset--spacing--50)\">\n<div class=\"wp-block-columns alignwide is-layout-flex wp-container-core-columns-layout-3 wp-block-columns-is-layout-flex\">\n<div class=\"wp-block-column is-content-justification-left is-layout-constrained wp-container-core-column-layout-3 wp-block-column-is-layout-constrained\" style=\"flex-basis:40%\">\n<p>text zext<\/p>\n<\/div>\n\n\n\n<div class=\"wp-block-column is-layout-flow wp-container-core-column-layout-6 wp-block-column-is-layout-flow\" style=\"flex-basis:60%\">\n<p class=\"has-heading-font-family has-x-large-font-size\" style=\"line-height:1.2\">Mit viel Liebe zum Detail <\/p>\n\n\n\n<div class=\"wp-block-columns is-layout-flex wp-container-core-columns-layout-2 wp-block-columns-is-layout-flex\">\n<div class=\"wp-block-column is-layout-flow wp-block-column-is-layout-flow\">\n<p class=\"wp-container-content-2\">Die wiederbelebte Kunstgalerie wird die kulturelle Landschaft Torontos neu definieren und als Knotenpunkt f\u00fcr k\u00fcnstlerischen Ausdruck, gesellschaftliches Engagement und architektonisches Wunderwerk dienen. Das Erweiterungs- und Renovierungsprojekt ist eine Hommage an die reiche Geschichte der Kunstgalerie und gleichzeitig ein Blick in die Zukunft, damit die Galerie ein Leuchtturm der Inspiration bleibt.<\/p>\n<\/div>\n\n\n\n<div class=\"wp-block-column is-layout-flow wp-block-column-is-layout-flow\">\n<p>Die wiederbelebte Kunstgalerie wird die kulturelle Landschaft Torontos neu definieren und als Knotenpunkt f\u00fcr k\u00fcnstlerischen Ausdruck, gesellschaftliches Engagement und architektonisches Wunderwerk dienen. Das Erweiterungs- und Renovierungsprojekt ist eine Hommage an die reiche Geschichte der Kunstgalerie und gleichzeitig ein Blick in die Zukunft, damit die Galerie ein Leuchtturm der Inspiration bleibt.<\/p>\n<\/div>\n<\/div>\n<\/div>\n<\/div>\n<\/div>\n\n\n\n<div class=\"wp-block-group alignfull has-accent-5-background-color has-background is-layout-constrained wp-block-group-is-layout-constrained\" style=\"margin-top:0;margin-bottom:0;padding-top:var(--wp--preset--spacing--50);padding-right:var(--wp--preset--spacing--50);padding-bottom:var(--wp--preset--spacing--50);padding-left:var(--wp--preset--spacing--50)\">\n<div class=\"wp-block-columns alignwide is-layout-flex wp-container-core-columns-layout-4 wp-block-columns-is-layout-flex\">\n<div class=\"wp-block-column is-vertically-aligned-center is-layout-flow wp-block-column-is-layout-flow\" style=\"flex-basis:60%\">\n<figure class=\"wp-block-image size-full is-style-rounded wp-duotone-varpresetduotoneduotone-1-3\"><img decoding=\"async\" src=\"https:\/\/impressionen.ange-li.me\/wp-content\/themes\/twentytwentyfour\/assets\/images\/abstract-geometric-art.webp\" alt=\"Wei\u00dfes abstraktes geometrisches Kunstwerk aus Dresden, Deutschland\" style=\"aspect-ratio:4\/3;object-fit:cover\"\/><\/figure>\n<\/div>\n\n\n\n<div class=\"wp-block-column is-layout-flow wp-block-column-is-layout-flow\" style=\"flex-basis:40%\">\n<h2 class=\"wp-block-heading\">titel hallo hallo<\/h2>\n\n\n\n<p>text<\/p>\n\n\n\n<div class=\"wp-block-buttons is-layout-flex wp-block-buttons-is-layout-flex\">\n<div class=\"wp-block-button\"><a class=\"wp-block-button__link wp-element-button\">Unsere Dienstleistungen<\/a><\/div>\n<\/div>\n<\/div>\n<\/div>\n<\/div>\n\n\n\n<div class=\"wp-block-group alignfull is-layout-constrained wp-block-group-is-layout-constrained\" style=\"margin-top:0;margin-bottom:0;padding-top:var(--wp--preset--spacing--50);padding-right:var(--wp--preset--spacing--50);padding-bottom:var(--wp--preset--spacing--50);padding-left:var(--wp--preset--spacing--50)\">\n<div class=\"wp-block-group is-vertical is-content-justification-center is-layout-flex wp-container-core-group-layout-6 wp-block-group-is-layout-flex\">\n<h2 class=\"wp-block-heading has-text-align-center has-xx-large-font-size\">Portfolio<\/h2>\n\n\n\n<p class=\"has-text-align-center\">text text text<\/p>\n<\/div>\n\n\n\n<div style=\"height:var(--wp--preset--spacing--30)\" aria-hidden=\"true\" class=\"wp-block-spacer\"><\/div>\n\n\n\n<div class=\"wp-block-columns alignwide is-layout-flex wp-container-core-columns-layout-5 wp-block-columns-is-layout-flex\" style=\"padding-right:0;padding-left:0\">\n<div class=\"wp-block-column is-layout-flow wp-block-column-is-layout-flow\">\n<figure class=\"wp-block-image size-full is-style-rounded\"><img loading=\"lazy\" decoding=\"async\" width=\"1300\" height=\"500\" src=\"https:\/\/impressionen.ange-li.me\/wp-content\/uploads\/2020\/06\/cropped-P1090454_1300n.jpg\" alt=\"\" class=\"wp-image-10031\" style=\"aspect-ratio:1;object-fit:cover\" srcset=\"https:\/\/impressionen.ange-li.me\/wp-content\/uploads\/2020\/06\/cropped-P1090454_1300n.jpg 1300w, https:\/\/impressionen.ange-li.me\/wp-content\/uploads\/2020\/06\/cropped-P1090454_1300n-640x246.jpg 640w, https:\/\/impressionen.ange-li.me\/wp-content\/uploads\/2020\/06\/cropped-P1090454_1300n-1024x394.jpg 1024w, https:\/\/impressionen.ange-li.me\/wp-content\/uploads\/2020\/06\/cropped-P1090454_1300n-768x295.jpg 768w, https:\/\/impressionen.ange-li.me\/wp-content\/uploads\/2020\/06\/cropped-P1090454_1300n-1140x438.jpg 1140w\" sizes=\"(max-width: 1300px) 100vw, 1300px\" \/><\/figure>\n\n\n\n<div class=\"wp-block-group is-vertical is-content-justification-center is-nowrap is-layout-flex wp-container-core-group-layout-7 wp-block-group-is-layout-flex\">\n<p class=\"has-text-align-center has-small-font-size\"> <strong>titel<\/strong> <\/p>\n\n\n\n<p class=\"has-text-align-center has-small-font-size\">Gr\u00fcnder, CEO und Architekt<\/p>\n<\/div>\n<\/div>\n\n\n\n<div class=\"wp-block-column is-layout-flow wp-block-column-is-layout-flow\">\n<figure class=\"wp-block-image size-full is-style-rounded\"><img loading=\"lazy\" decoding=\"async\" width=\"1300\" height=\"984\" src=\"https:\/\/impressionen.ange-li.me\/wp-content\/uploads\/2017\/07\/1300n_P1050052.jpg\" alt=\"\" class=\"wp-image-15131\" style=\"aspect-ratio:1;object-fit:cover\" srcset=\"https:\/\/impressionen.ange-li.me\/wp-content\/uploads\/2017\/07\/1300n_P1050052.jpg 1300w, https:\/\/impressionen.ange-li.me\/wp-content\/uploads\/2017\/07\/1300n_P1050052-640x484.jpg 640w, https:\/\/impressionen.ange-li.me\/wp-content\/uploads\/2017\/07\/1300n_P1050052-1024x775.jpg 1024w, https:\/\/impressionen.ange-li.me\/wp-content\/uploads\/2017\/07\/1300n_P1050052-768x581.jpg 768w, https:\/\/impressionen.ange-li.me\/wp-content\/uploads\/2017\/07\/1300n_P1050052-912x690.jpg 912w\" sizes=\"(max-width: 1300px) 100vw, 1300px\" \/><\/figure>\n\n\n\n<div class=\"wp-block-group is-vertical is-content-justification-center is-nowrap is-layout-flex wp-container-core-group-layout-8 wp-block-group-is-layout-flex\">\n<p class=\"has-text-align-center has-small-font-size\">\n\t\t\t\t\t<strong>Rhye Moore<\/strong>\n\t\t\t\t<\/p>\n\n\n\n<p class=\"has-text-align-center has-small-font-size\">Technischer Leiter<\/p>\n<\/div>\n<\/div>\n\n\n\n<div class=\"wp-block-column is-layout-flow wp-block-column-is-layout-flow\">\n<figure class=\"wp-block-image size-full is-style-rounded\"><img loading=\"lazy\" decoding=\"async\" width=\"1300\" height=\"975\" src=\"https:\/\/impressionen.ange-li.me\/wp-content\/uploads\/2020\/01\/P1080555_1300n.jpg\" alt=\"\" class=\"wp-image-15089\" style=\"aspect-ratio:1;object-fit:cover\" srcset=\"https:\/\/impressionen.ange-li.me\/wp-content\/uploads\/2020\/01\/P1080555_1300n.jpg 1300w, https:\/\/impressionen.ange-li.me\/wp-content\/uploads\/2020\/01\/P1080555_1300n-640x480.jpg 640w, https:\/\/impressionen.ange-li.me\/wp-content\/uploads\/2020\/01\/P1080555_1300n-1024x768.jpg 1024w, https:\/\/impressionen.ange-li.me\/wp-content\/uploads\/2020\/01\/P1080555_1300n-768x576.jpg 768w, https:\/\/impressionen.ange-li.me\/wp-content\/uploads\/2020\/01\/P1080555_1300n-920x690.jpg 920w, https:\/\/impressionen.ange-li.me\/wp-content\/uploads\/2020\/01\/P1080555_1300n-790x593.jpg 790w\" sizes=\"(max-width: 1300px) 100vw, 1300px\" \/><\/figure>\n\n\n\n<div class=\"wp-block-group is-vertical is-content-justification-center is-nowrap is-layout-flex wp-container-core-group-layout-9 wp-block-group-is-layout-flex\">\n<p class=\"has-text-align-center has-small-font-size\">\n\t\t\t\t\t<strong>Helga Steiner<\/strong>\n\t\t\t\t<\/p>\n\n\n\n<p class=\"has-text-align-center has-small-font-size\">Architekt<\/p>\n<\/div>\n<\/div>\n\n\n\n<div class=\"wp-block-column is-layout-flow wp-block-column-is-layout-flow\">\n<figure class=\"wp-block-image size-full is-style-rounded\"><img loading=\"lazy\" decoding=\"async\" width=\"1300\" height=\"979\" src=\"https:\/\/impressionen.ange-li.me\/wp-content\/uploads\/2019\/12\/P1000850_1300n-1.jpg\" alt=\"\" class=\"wp-image-14882\" style=\"aspect-ratio:1;object-fit:cover\" srcset=\"https:\/\/impressionen.ange-li.me\/wp-content\/uploads\/2019\/12\/P1000850_1300n-1.jpg 1300w, https:\/\/impressionen.ange-li.me\/wp-content\/uploads\/2019\/12\/P1000850_1300n-1-640x482.jpg 640w, https:\/\/impressionen.ange-li.me\/wp-content\/uploads\/2019\/12\/P1000850_1300n-1-1024x771.jpg 1024w, https:\/\/impressionen.ange-li.me\/wp-content\/uploads\/2019\/12\/P1000850_1300n-1-768x578.jpg 768w, https:\/\/impressionen.ange-li.me\/wp-content\/uploads\/2019\/12\/P1000850_1300n-1-916x690.jpg 916w\" sizes=\"(max-width: 1300px) 100vw, 1300px\" \/><\/figure>\n\n\n\n<div class=\"wp-block-group is-vertical is-content-justification-center is-nowrap is-layout-flex wp-container-core-group-layout-10 wp-block-group-is-layout-flex\">\n<p class=\"has-text-align-center has-small-font-size\">\n\t\t\t\t\t<strong>Ivan Lawrence<\/strong>\n\t\t\t\t<\/p>\n\n\n\n<p class=\"has-text-align-center has-small-font-size\">Projektmanager<\/p>\n<\/div>\n<\/div>\n<\/div>\n<\/div>\n\n\n\n\n\n<div class=\"wp-block-group alignfull has-base-color has-contrast-background-color has-text-color has-background has-link-color wp-elements-b38a2f195f053cefaab6a49dedfba98e is-layout-constrained wp-block-group-is-layout-constrained\" style=\"margin-top:0;margin-bottom:0;padding-top:var(--wp--preset--spacing--50);padding-right:var(--wp--preset--spacing--50);padding-bottom:var(--wp--preset--spacing--50);padding-left:var(--wp--preset--spacing--50)\">\n<h2 class=\"wp-block-heading alignwide has-base-color has-text-color has-link-color wp-elements-c9b5699bdecff18878afa112249018b5\" style=\"font-size:10rem;letter-spacing:-0.02em\">FAQs<\/h2>\n\n\n\n<div class=\"wp-block-group alignwide is-layout-flow wp-block-group-is-layout-flow\">\n<hr class=\"wp-block-separator has-text-color has-base-color has-alpha-channel-opacity has-base-background-color has-background is-style-wide\"\/>\n\n\n\n<details class=\"wp-block-details is-style-arrow-icon-details has-medium-font-size is-layout-flow wp-block-details-is-layout-flow\" style=\"border-top-style:none;border-top-width:0px;border-right-style:none;border-right-width:0px;border-bottom-color:var(--wp--preset--color--base);border-bottom-style:solid;border-bottom-width:1px;border-left-style:none;border-left-width:0px;margin-top:0\"><summary>Wie arbeitest du bei kleineren Projekten?<\/summary>\n<p class=\"has-contrast-1-color has-text-color has-link-color wp-elements-2f8ad9b2712680805f2bee5233e74735\">\u00c9tudes bietet umfassende Beratungs-, Management-, Design- und Forschungsl\u00f6sungen an. Unsere Vision ist es, an der Spitze der architektonischen Innovation zu stehen und eine globale Gemeinschaft von Architekten und Enthusiasten zu f\u00f6rdern, die durch ihre Leidenschaft f\u00fcr die Gestaltung von R\u00e4umen vereint sind. Jedes architektonische Vorhaben ist eine Chance, die Zukunft zu gestalten.<\/p>\n<\/details>\n\n\n\n<details class=\"wp-block-details is-style-arrow-icon-details has-medium-font-size is-layout-flow wp-block-details-is-layout-flow\" style=\"border-top-style:none;border-top-width:0px;border-right-style:none;border-right-width:0px;border-bottom-color:var(--wp--preset--color--base);border-bottom-style:solid;border-bottom-width:1px;border-left-style:none;border-left-width:0px;margin-top:0\"><summary>Wer steckt hinter \u00c9tudes?<\/summary>\n<p class=\"has-contrast-1-color has-text-color has-link-color wp-elements-2f8ad9b2712680805f2bee5233e74735\">\u00c9tudes bietet umfassende Beratungs-, Management-, Design- und Forschungsl\u00f6sungen an. Unsere Vision ist es, an der Spitze der architektonischen Innovation zu stehen und eine globale Gemeinschaft von Architekten und Enthusiasten zu f\u00f6rdern, die durch ihre Leidenschaft f\u00fcr die Gestaltung von R\u00e4umen vereint sind. Jedes architektonische Vorhaben ist eine Chance, die Zukunft zu gestalten.<\/p>\n<\/details>\n\n\n\n<details class=\"wp-block-details is-style-arrow-icon-details has-medium-font-size is-layout-flow wp-block-details-is-layout-flow\" style=\"border-top-style:none;border-top-width:0px;border-right-style:none;border-right-width:0px;border-bottom-color:var(--wp--preset--color--base);border-bottom-style:solid;border-bottom-width:1px;border-left-style:none;border-left-width:0px;margin-top:0\"><summary>Ich w\u00fcrde gerne andere Architekten treffen, wie kann ich das tun?<\/summary>\n<p class=\"has-contrast-1-color has-text-color has-link-color wp-elements-2f8ad9b2712680805f2bee5233e74735\">\u00c9tudes bietet umfassende Beratungs-, Management-, Design- und Forschungsl\u00f6sungen an. Unsere Vision ist es, an der Spitze der architektonischen Innovation zu stehen und eine globale Gemeinschaft von Architekten und Enthusiasten zu f\u00f6rdern, die durch ihre Leidenschaft f\u00fcr die Gestaltung von R\u00e4umen vereint sind. Jedes architektonische Vorhaben ist eine Chance, die Zukunft zu gestalten.<\/p>\n<\/details>\n\n\n\n<details class=\"wp-block-details is-style-arrow-icon-details has-medium-font-size is-layout-flow wp-block-details-is-layout-flow\" style=\"border-top-style:none;border-top-width:0px;border-right-style:none;border-right-width:0px;border-bottom-color:var(--wp--preset--color--base);border-bottom-style:solid;border-bottom-width:1px;border-left-style:none;border-left-width:0px;margin-top:0\"><summary>Kann ich mich als Teil des Teams oder als Auftragnehmer bewerben?<\/summary>\n<p class=\"has-contrast-1-color has-text-color has-link-color wp-elements-2f8ad9b2712680805f2bee5233e74735\">\u00c9tudes bietet umfassende Beratungs-, Management-, Design- und Forschungsl\u00f6sungen an. Unsere Vision ist es, an der Spitze der architektonischen Innovation zu stehen und eine globale Gemeinschaft von Architekten und Enthusiasten zu f\u00f6rdern, die durch ihre Leidenschaft f\u00fcr die Gestaltung von R\u00e4umen vereint sind. Jedes architektonische Vorhaben ist eine Chance, die Zukunft zu gestalten.<\/p>\n<\/details>\n\n\n\n<div style=\"margin-top:var(--wp--preset--spacing--10);margin-bottom:0;height:var(--wp--preset--spacing--10)\" aria-hidden=\"true\" class=\"wp-block-spacer\"><\/div>\n<\/div>\n<\/div>\n\n\n\n<div class=\"wp-block-group alignfull is-layout-constrained wp-block-group-is-layout-constrained\" style=\"margin-top:0;margin-bottom:0;padding-top:var(--wp--preset--spacing--50);padding-right:var(--wp--preset--spacing--50);padding-bottom:var(--wp--preset--spacing--50);padding-left:var(--wp--preset--spacing--50)\">\n<div class=\"wp-block-columns alignwide are-vertically-aligned-center is-layout-flex wp-container-core-columns-layout-6 wp-block-columns-is-layout-flex\">\n<div class=\"wp-block-column is-vertically-aligned-center is-layout-flow wp-block-column-is-layout-flow\" style=\"flex-basis:50%\">\n<h2 class=\"wp-block-heading\">Verbessere deine architektonische Reise mit der Architekten-App von \u00c9tudes.<\/h2>\n\n\n\n<ul style=\"line-height:1.75\" class=\"is-style-checkmark-list\">\n<li>Arbeite mit anderen Architekten zusammen.<\/li>\n\n\n\n<li>Stelle deine Projekte vor.<\/li>\n\n\n\n<li>Erlebe die Welt der Architektur.<\/li>\n<\/ul>\n\n\n\n<div class=\"wp-block-buttons is-layout-flex wp-block-buttons-is-layout-flex\">\n<div class=\"wp-block-button\"><a class=\"wp-block-button__link wp-element-button\">App herunterladen<\/a><\/div>\n\n\n\n<div class=\"wp-block-button is-style-outline\"><a class=\"wp-block-button__link wp-element-button\">So funktioniert es<\/a><\/div>\n<\/div>\n<\/div>\n\n\n\n<div class=\"wp-block-column is-vertically-aligned-center is-layout-flow wp-block-column-is-layout-flow\" style=\"flex-basis:50%\">\n<figure class=\"wp-block-image size-full is-style-rounded\"><img decoding=\"async\" src=\"https:\/\/impressionen.ange-li.me\/wp-content\/themes\/twentytwentyfour\/assets\/images\/abstract-geometric-art.webp\" alt=\"Wei\u00dfes abstraktes geometrisches Kunstwerk aus Dresden, Deutschland\" style=\"aspect-ratio:4\/3;object-fit:cover\"\/><\/figure>\n<\/div>\n<\/div>\n<\/div>\n","protected":false},"excerpt":{"rendered":"<p>Hier kommt ein Text hin. Oh Yeah text zext Mit viel Liebe zum Detail Die wiederbelebte Kunstgalerie wird die kulturelle Landschaft Torontos neu definieren und als Knotenpunkt f\u00fcr k\u00fcnstlerischen Ausdruck, gesellschaftliches Engagement und architektonisches Wunderwerk dienen. Das Erweiterungs- und Renovierungsprojekt ist eine Hommage an die reiche Geschichte der Kunstgalerie und gleichzeitig ein Blick in die [&hellip;]<\/p>\n","protected":false},"author":1,"featured_media":0,"parent":0,"menu_order":0,"comment_status":"closed","ping_status":"closed","template":"","meta":{"footnotes":""},"acf":[],"jetpack_sharing_enabled":true,"jetpack_shortlink":"https:\/\/wp.me\/P5hUBy-3ZL","_links":{"self":[{"href":"https:\/\/impressionen.ange-li.me\/index.php?rest_route=\/wp\/v2\/pages\/15361"}],"collection":[{"href":"https:\/\/impressionen.ange-li.me\/index.php?rest_route=\/wp\/v2\/pages"}],"about":[{"href":"https:\/\/impressionen.ange-li.me\/index.php?rest_route=\/wp\/v2\/types\/page"}],"author":[{"embeddable":true,"href":"https:\/\/impressionen.ange-li.me\/index.php?rest_route=\/wp\/v2\/users\/1"}],"replies":[{"embeddable":true,"href":"https:\/\/impressionen.ange-li.me\/index.php?rest_route=%2Fwp%2Fv2%2Fcomments&post=15361"}],"version-history":[{"count":4,"href":"https:\/\/impressionen.ange-li.me\/index.php?rest_route=\/wp\/v2\/pages\/15361\/revisions"}],"predecessor-version":[{"id":15365,"href":"https:\/\/impressionen.ange-li.me\/index.php?rest_route=\/wp\/v2\/pages\/15361\/revisions\/15365"}],"wp:attachment":[{"href":"https:\/\/impressionen.ange-li.me\/index.php?rest_route=%2Fwp%2Fv2%2Fmedia&parent=15361"}],"curies":[{"name":"wp","href":"https:\/\/api.w.org\/{rel}","templated":true}]}}